{"id":578,"date":"2025-03-20T17:24:50","date_gmt":"2025-03-20T09:24:50","guid":{"rendered":"https:\/\/reliablecncmachining.com\/?page_id=578"},"modified":"2025-04-10T11:01:13","modified_gmt":"2025-04-10T03:01:13","slug":"reliable-rapid-prototyping","status":"publish","type":"page","link":"https:\/\/reliablecncmachining.com\/de\/reliable-rapid-prototyping\/","title":{"rendered":"Zuverl\u00e4ssige schnelle Prototypenerstellung"},"content":{"rendered":"<div data-elementor-type=\"wp-page\" data-elementor-id=\"578\" class=\"elementor elementor-578\" data-elementor-post-type=\"page\">\n\t\t\t\t\t\t<section class=\"elementor-section elementor-top-section elementor-element elementor-element-ab0f045 elementor-section-boxed elementor-section-height-default elementor-section-height-default\" data-id=\"ab0f045\" data-element_type=\"section\" data-settings=\"{&quot;background_background&quot;:&quot;classic&quot;}\">\n\t\t\t\t\t\t\t<div class=\"elementor-background-overlay\"><\/div>\n\t\t\t\t\t\t\t<div class=\"elementor-container elementor-column-gap-default\">\n\t\t\t\t\t<div class=\"elementor-column elementor-col-100 elementor-top-column elementor-element elementor-element-63aecdf\" data-id=\"63aecdf\" data-element_type=\"column\">\n\t\t\t<div class=\"elementor-widget-wrap elementor-element-populated\">\n\t\t\t\t\t\t<div class=\"elementor-element elementor-element-a0deb6d elementor-widget elementor-widget-heading\" data-id=\"a0deb6d\" data-element_type=\"widget\" data-widget_type=\"heading.default\">\n\t\t\t\t<div class=\"elementor-widget-container\">\n\t\t\t<style>\/*! elementor - v3.19.0 - 29-01-2024 *\/\n.elementor-heading-title{padding:0;margin:0;line-height:1}.elementor-widget-heading .elementor-heading-title[class*=elementor-size-]>a{color:inherit;font-size:inherit;line-height:inherit}.elementor-widget-heading .elementor-heading-title.elementor-size-small{font-size:15px}.elementor-widget-heading .elementor-heading-title.elementor-size-medium{font-size:19px}.elementor-widget-heading .elementor-heading-title.elementor-size-large{font-size:29px}.elementor-widget-heading .elementor-heading-title.elementor-size-xl{font-size:39px}.elementor-widget-heading .elementor-heading-title.elementor-size-xxl{font-size:59px}<\/style><h2 class=\"elementor-heading-title elementor-size-default\">Zuverl\u00e4ssige schnelle Prototypenerstellung<\/h2>\t\t<\/div>\n\t\t\t\t<\/div>\n\t\t\t\t<div class=\"elementor-element elementor-element-1657e3a elementor-widget__width-initial elementor-widget-mobile__width-initial elementor-hidden-desktop elementor-hidden-tablet elementor-hidden-mobile elementor-widget elementor-widget-text-editor\" data-id=\"1657e3a\" data-element_type=\"widget\" data-widget_type=\"text-editor.default\">\n\t\t\t\t<div class=\"elementor-widget-container\">\n\t\t\t<style>\/*! elementor - v3.19.0 - 29-01-2024 *\/\n.elementor-widget-text-editor.elementor-drop-cap-view-stacked .elementor-drop-cap{background-color:#69727d;color:#fff}.elementor-widget-text-editor.elementor-drop-cap-view-framed .elementor-drop-cap{color:#69727d;border:3px solid;background-color:transparent}.elementor-widget-text-editor:not(.elementor-drop-cap-view-default) .elementor-drop-cap{margin-top:8px}.elementor-widget-text-editor:not(.elementor-drop-cap-view-default) .elementor-drop-cap-letter{width:1em;height:1em}.elementor-widget-text-editor .elementor-drop-cap{float:left;text-align:center;line-height:1;font-size:50px}.elementor-widget-text-editor .elementor-drop-cap-letter{display:inline-block}<\/style>\t\t\t\t<section id=\"brxe-vqqqhp\" class=\"brxe-section hero-shape banner-gradient has-shape\"><div id=\"brxe-cgtvga\" class=\"brxe-container\"><div id=\"brxe-uyfpfj\" class=\"brxe-text\"><p>Schnelle Prototypenentwicklung &amp; Fertigung auf Abruf in wenigen Tagen.<\/p><\/div><\/div><\/section>\t\t\t\t\t\t<\/div>\n\t\t\t\t<\/div>\n\t\t\t\t\t<\/div>\n\t\t<\/div>\n\t\t\t\t\t<\/div>\n\t\t<\/section>\n\t\t\t\t<section class=\"elementor-section elementor-top-section elementor-element elementor-element-740fb32 elementor-section-boxed elementor-section-height-default elementor-section-height-default\" data-id=\"740fb32\" data-element_type=\"section\">\n\t\t\t\t\t\t<div class=\"elementor-container elementor-column-gap-default\">\n\t\t\t\t\t<div class=\"elementor-column elementor-col-100 elementor-top-column elementor-element elementor-element-544983a\" data-id=\"544983a\" data-element_type=\"column\" data-settings=\"{&quot;background_background&quot;:&quot;gradient&quot;}\">\n\t\t\t<div class=\"elementor-widget-wrap elementor-element-populated\">\n\t\t\t\t\t\t<section class=\"elementor-section elementor-inner-section elementor-element elementor-element-83a2ed4 elementor-section-boxed elementor-section-height-default elementor-section-height-default\" data-id=\"83a2ed4\" data-element_type=\"section\">\n\t\t\t\t\t\t<div class=\"elementor-container elementor-column-gap-default\">\n\t\t\t\t\t<div class=\"elementor-column elementor-col-50 elementor-inner-column elementor-element elementor-element-2c7a75f\" data-id=\"2c7a75f\" data-element_type=\"column\">\n\t\t\t<div class=\"elementor-widget-wrap elementor-element-populated\">\n\t\t\t\t\t\t<div class=\"elementor-element elementor-element-358f293 elementor-widget elementor-widget-heading\" data-id=\"358f293\" data-element_type=\"widget\" data-widget_type=\"heading.default\">\n\t\t\t\t<div class=\"elementor-widget-container\">\n\t\t\t<h1 class=\"elementor-heading-title elementor-size-default\">Warum uns w\u00e4hlen?<\/h1>\t\t<\/div>\n\t\t\t\t<\/div>\n\t\t\t\t<div class=\"elementor-element elementor-element-4f836ea elementor-widget elementor-widget-text-editor\" data-id=\"4f836ea\" data-element_type=\"widget\" data-widget_type=\"text-editor.default\">\n\t\t\t\t<div class=\"elementor-widget-container\">\n\t\t\t\t\t\t\t<p>Zuverl\u00e4ssige Geschwindigkeit: Beschleunigen Sie Ihre F&amp;E mit konstanten Durchlaufzeiten von 3-5 Tagen.<\/p><p>Pr\u00e4zision zuerst: Enge Toleranzen (\u00b10,005 mm) und Materialien in Luft- und Raumfahrtqualit\u00e4t (Aluminium, Edelstahl, Kunststoffe).<\/p><p>Fachkompetenz von Anfang bis Ende: Von der 3D-Modelloptimierung bis zur Nachbearbeitung k\u00fcmmern wir uns um jedes Detail, um die Standards der Medizin-, Automobil- und Robotikindustrie zu erf\u00fcllen.<\/p><p>Skalierbare L\u00f6sungen: Nahtloser \u00dcbergang von Prototypen zu Serienproduktionen.<\/p><p>Vertraut von Innovatoren weltweit, sorgen wir daf\u00fcr, dass Ihr Design in realen Tests gedeiht und nicht nur \u00fcberlebt.<\/p>\t\t\t\t\t\t<\/div>\n\t\t\t\t<\/div>\n\t\t\t\t\t<\/div>\n\t\t<\/div>\n\t\t\t\t<div class=\"elementor-column elementor-col-50 elementor-inner-column elementor-element elementor-element-1803acc\" data-id=\"1803acc\" data-element_type=\"column\">\n\t\t\t<div class=\"elementor-widget-wrap elementor-element-populated\">\n\t\t\t\t\t\t<div class=\"elementor-element elementor-element-f4eadf4 elementor-widget elementor-widget-image\" data-id=\"f4eadf4\" data-element_type=\"widget\" data-widget_type=\"image.default\">\n\t\t\t\t<div class=\"elementor-widget-container\">\n\t\t\t<style>\/*! elementor - v3.19.0 - 29-01-2024 *\/\n.elementor-widget-image{text-align:center}.elementor-widget-image a{display:inline-block}.elementor-widget-image a img[src$=\".svg\"]{width:48px}.elementor-widget-image img{vertical-align:middle;display:inline-block}<\/style>\t\t\t\t\t\t\t\t\t\t<img fetchpriority=\"high\" decoding=\"async\" width=\"624\" height=\"468\" src=\"https:\/\/reliablecncmachining.com\/wp-content\/smush-webp\/2025\/03\/cnc-milling-block-.jpg.webp\" class=\"attachment-full size-full wp-image-665\" alt=\"Zuverl\u00e4ssige schnelle Prototypenentwicklung - ST\" srcset=\"https:\/\/reliablecncmachining.com\/wp-content\/smush-webp\/2025\/03\/cnc-milling-block-.jpg.webp 624w, https:\/\/reliablecncmachining.com\/wp-content\/uploads\/2025\/03\/cnc-milling-block--300x225.jpg 300w\" sizes=\"(max-width: 624px) 100vw, 624px\" \/>\t\t\t\t\t\t\t\t\t\t\t\t\t<\/div>\n\t\t\t\t<\/div>\n\t\t\t\t<div class=\"elementor-element elementor-element-c3a6cc5 elementor-widget elementor-widget-button\" data-id=\"c3a6cc5\" data-element_type=\"widget\" data-widget_type=\"button.default\">\n\t\t\t\t<div class=\"elementor-widget-container\">\n\t\t\t\t\t<div class=\"elementor-button-wrapper\">\n\t\t\t<a class=\"elementor-button elementor-button-link elementor-size-sm\" href=\"https:\/\/reliablecncmachining.com\/de\/contact-us\/\">\n\t\t\t\t\t\t<span class=\"elementor-button-content-wrapper\">\n\t\t\t\t\t\t<span class=\"elementor-button-text\">Jetzt anfragen<\/span>\n\t\t<\/span>\n\t\t\t\t\t<\/a>\n\t\t<\/div>\n\t\t\t\t<\/div>\n\t\t\t\t<\/div>\n\t\t\t\t\t<\/div>\n\t\t<\/div>\n\t\t\t\t\t<\/div>\n\t\t<\/section>\n\t\t\t\t\t<\/div>\n\t\t<\/div>\n\t\t\t\t\t<\/div>\n\t\t<\/section>\n\t\t\t\t<section class=\"elementor-section elementor-top-section elementor-element elementor-element-86b6ad3 elementor-section-boxed elementor-section-height-default elementor-section-height-default\" data-id=\"86b6ad3\" data-element_type=\"section\">\n\t\t\t\t\t\t<div class=\"elementor-container elementor-column-gap-default\">\n\t\t\t\t\t<div class=\"elementor-column elementor-col-100 elementor-top-column elementor-element elementor-element-0be864a\" data-id=\"0be864a\" data-element_type=\"column\">\n\t\t\t<div class=\"elementor-widget-wrap elementor-element-populated\">\n\t\t\t\t\t\t<div class=\"elementor-element elementor-element-360e973 elementor-widget elementor-widget-heading\" data-id=\"360e973\" data-element_type=\"widget\" data-widget_type=\"heading.default\">\n\t\t\t\t<div class=\"elementor-widget-container\">\n\t\t\t<h2 class=\"elementor-heading-title elementor-size-default\">Oberfl\u00e4chenbehandlungsdienste \n<\/h2>\t\t<\/div>\n\t\t\t\t<\/div>\n\t\t\t\t<section class=\"elementor-section elementor-inner-section elementor-element elementor-element-134c893 elementor-section-boxed elementor-section-height-default elementor-section-height-default\" data-id=\"134c893\" data-element_type=\"section\" data-settings=\"{&quot;background_background&quot;:&quot;gradient&quot;}\">\n\t\t\t\t\t\t<div class=\"elementor-container elementor-column-gap-default\">\n\t\t\t\t\t<div class=\"elementor-column elementor-col-50 elementor-inner-column elementor-element elementor-element-d5bdd28\" data-id=\"d5bdd28\" data-element_type=\"column\">\n\t\t\t<div class=\"elementor-widget-wrap elementor-element-populated\">\n\t\t\t\t\t\t<div class=\"elementor-element elementor-element-d829019 elementor-widget elementor-widget-image\" data-id=\"d829019\" data-element_type=\"widget\" data-widget_type=\"image.default\">\n\t\t\t\t<div class=\"elementor-widget-container\">\n\t\t\t\t\t\t\t\t\t\t\t\t\t<img decoding=\"async\" width=\"624\" height=\"468\" data-src=\"https:\/\/reliablecncmachining.com\/wp-content\/smush-webp\/2025\/04\/cnc-turning-cylinder-liner.jpg.webp\" class=\"attachment-full size-full wp-image-685 lazyload\" alt=\"Zuverl\u00e4ssige schnelle Prototypenentwicklung - ST\" data-srcset=\"https:\/\/reliablecncmachining.com\/wp-content\/smush-webp\/2025\/04\/cnc-turning-cylinder-liner.jpg.webp 624w, https:\/\/reliablecncmachining.com\/wp-content\/uploads\/2025\/04\/cnc-turning-cylinder-liner-300x225.jpg 300w\" data-sizes=\"(max-width: 624px) 100vw, 624px\" src=\"data:image\/gif;base64,R0lGODlhAQABAAAAACH5BAEKAAEALAAAAAABAAEAAAICTAEAOw==\" style=\"--smush-placeholder-width: 624px; --smush-placeholder-aspect-ratio: 624\/468;\" \/>\t\t\t\t\t\t\t\t\t\t\t\t\t<\/div>\n\t\t\t\t<\/div>\n\t\t\t\t\t<\/div>\n\t\t<\/div>\n\t\t\t\t<div class=\"elementor-column elementor-col-50 elementor-inner-column elementor-element elementor-element-3545e0d\" data-id=\"3545e0d\" data-element_type=\"column\">\n\t\t\t<div class=\"elementor-widget-wrap elementor-element-populated\">\n\t\t\t\t\t\t<section class=\"elementor-section elementor-inner-section elementor-element elementor-element-8b3fd16 elementor-section-full_width home-product-card-content elementor-section-height-default elementor-section-height-default\" data-id=\"8b3fd16\" data-element_type=\"section\" data-settings=\"{&quot;background_background&quot;:&quot;classic&quot;}\">\n\t\t\t\t\t\t<div class=\"elementor-container elementor-column-gap-no\">\n\t\t\t\t\t<div class=\"elementor-column elementor-col-100 elementor-inner-column elementor-element elementor-element-8ac776d\" data-id=\"8ac776d\" data-element_type=\"column\">\n\t\t\t<div class=\"elementor-widget-wrap elementor-element-populated\">\n\t\t\t\t\t\t<div class=\"elementor-element elementor-element-fde231f elementor-widget elementor-widget-heading\" data-id=\"fde231f\" data-element_type=\"widget\" data-widget_type=\"heading.default\">\n\t\t\t\t<div class=\"elementor-widget-container\">\n\t\t\t<h2 class=\"elementor-heading-title elementor-size-default\">Eloxieren<\/h2>\t\t<\/div>\n\t\t\t\t<\/div>\n\t\t\t\t<div class=\"elementor-element elementor-element-48732a7 elementor-widget elementor-widget-text-editor\" data-id=\"48732a7\" data-element_type=\"widget\" data-widget_type=\"text-editor.default\">\n\t\t\t\t<div class=\"elementor-widget-container\">\n\t\t\t\t\t\t\t<p>Eloxieren hilft, Korrosion zu widerstehen, die Oberfl\u00e4chenh\u00e4rte zu erh\u00f6hen und den Verschlei\u00dfwiderstand zu verbessern. Dieser Prozess dient sowohl funktionalen als auch kosmetischen Zwecken. Es gibt zwei Haupttypen des Eloxierens:<\/p><p>Typ II Eloxieren wird haupts\u00e4chlich verwendet, um Teile mit einer gleichm\u00e4\u00dfigen, \u00e4sthetisch ansprechenden Oberfl\u00e4che herzustellen, die guten Korrosionsschutz und begrenzten Verschlei\u00dfwiderstand bietet und eine gro\u00dfe Auswahl an Farbstoffoptionen hat. Die typische Beschichtungsdicke: 12-18 \u00b5m f\u00fcr schwarz, 8-12 \u00b5m f\u00fcr klar und 4-8 \u00b5m f\u00fcr Farbe.<\/p><p>Typ III Eloxieren, auch bekannt als Harteloxieren, bietet hervorragenden Korrosions- und Verschlei\u00dfschutz, ist f\u00fcr funktionale Anwendungen geeignet, aber in der Farbauswahl eingeschr\u00e4nkter \u2013 oft nur klar oder schwarz. Die typische Dicke betr\u00e4gt 30-125 \u00b5m.<\/p>\t\t\t\t\t\t<\/div>\n\t\t\t\t<\/div>\n\t\t\t\t\t<\/div>\n\t\t<\/div>\n\t\t\t\t\t<\/div>\n\t\t<\/section>\n\t\t\t\t\t<\/div>\n\t\t<\/div>\n\t\t\t\t\t<\/div>\n\t\t<\/section>\n\t\t\t\t<section class=\"elementor-section elementor-inner-section elementor-element elementor-element-ab8ff62 elementor-section-boxed elementor-section-height-default elementor-section-height-default\" data-id=\"ab8ff62\" data-element_type=\"section\" data-settings=\"{&quot;background_background&quot;:&quot;gradient&quot;}\">\n\t\t\t\t\t\t<div class=\"elementor-container elementor-column-gap-default\">\n\t\t\t\t\t<div class=\"elementor-column elementor-col-50 elementor-inner-column elementor-element elementor-element-ace70b7\" data-id=\"ace70b7\" data-element_type=\"column\">\n\t\t\t<div class=\"elementor-widget-wrap elementor-element-populated\">\n\t\t\t\t\t\t<section class=\"elementor-section elementor-inner-section elementor-element elementor-element-28814bc elementor-section-full_width home-product-card-content elementor-section-height-default elementor-section-height-default\" data-id=\"28814bc\" data-element_type=\"section\" data-settings=\"{&quot;background_background&quot;:&quot;classic&quot;}\">\n\t\t\t\t\t\t<div class=\"elementor-container elementor-column-gap-no\">\n\t\t\t\t\t<div class=\"elementor-column elementor-col-100 elementor-inner-column elementor-element elementor-element-3f0caf7\" data-id=\"3f0caf7\" data-element_type=\"column\">\n\t\t\t<div class=\"elementor-widget-wrap elementor-element-populated\">\n\t\t\t\t\t\t<div class=\"elementor-element elementor-element-890a353 elementor-widget elementor-widget-heading\" data-id=\"890a353\" data-element_type=\"widget\" data-widget_type=\"heading.default\">\n\t\t\t\t<div class=\"elementor-widget-container\">\n\t\t\t<h2 class=\"elementor-heading-title elementor-size-default\">Metallbeschichtung<\/h2>\t\t<\/div>\n\t\t\t\t<\/div>\n\t\t\t\t<div class=\"elementor-element elementor-element-d0bbeac elementor-widget elementor-widget-text-editor\" data-id=\"d0bbeac\" data-element_type=\"widget\" data-widget_type=\"text-editor.default\">\n\t\t\t\t<div class=\"elementor-widget-container\">\n\t\t\t\t\t\t\t<p>Beschichtung ist eine Metalloberfl\u00e4che, die das \u00dcberziehen eines Metallteils mit einer sehr d\u00fcnnen Schicht eines anderen Metalls oder einer Metalllegierung umfasst, um vor Korrosion und Oxidation des Grundteils zu sch\u00fctzen oder sein kosmetisches Aussehen zu ver\u00e4ndern. Zinn, Nickel, Zink (Verzinken) und Chrom sind alle g\u00e4ngige Beschichtungsmetalle.<\/p>\t\t\t\t\t\t<\/div>\n\t\t\t\t<\/div>\n\t\t\t\t\t<\/div>\n\t\t<\/div>\n\t\t\t\t\t<\/div>\n\t\t<\/section>\n\t\t\t\t\t<\/div>\n\t\t<\/div>\n\t\t\t\t<div class=\"elementor-column elementor-col-50 elementor-inner-column elementor-element elementor-element-77fec30\" data-id=\"77fec30\" data-element_type=\"column\">\n\t\t\t<div class=\"elementor-widget-wrap elementor-element-populated\">\n\t\t\t\t\t\t<div class=\"elementor-element elementor-element-629f997 elementor-widget elementor-widget-image\" data-id=\"629f997\" data-element_type=\"widget\" data-widget_type=\"image.default\">\n\t\t\t\t<div class=\"elementor-widget-container\">\n\t\t\t\t\t\t\t\t\t\t\t\t\t<img decoding=\"async\" width=\"624\" height=\"468\" data-src=\"https:\/\/reliablecncmachining.com\/wp-content\/smush-webp\/2025\/04\/cnc-turning-sprint-65-axle-pin-automotive.jpg.webp\" class=\"attachment-full size-full wp-image-686 lazyload\" alt=\"Zuverl\u00e4ssige schnelle Prototypenentwicklung - ST\" data-srcset=\"https:\/\/reliablecncmachining.com\/wp-content\/smush-webp\/2025\/04\/cnc-turning-sprint-65-axle-pin-automotive.jpg.webp 624w, https:\/\/reliablecncmachining.com\/wp-content\/smush-webp\/2025\/04\/cnc-turning-sprint-65-axle-pin-automotive-300x225.jpg.webp 300w\" data-sizes=\"(max-width: 624px) 100vw, 624px\" src=\"data:image\/gif;base64,R0lGODlhAQABAAAAACH5BAEKAAEALAAAAAABAAEAAAICTAEAOw==\" style=\"--smush-placeholder-width: 624px; --smush-placeholder-aspect-ratio: 624\/468;\" \/>\t\t\t\t\t\t\t\t\t\t\t\t\t<\/div>\n\t\t\t\t<\/div>\n\t\t\t\t\t<\/div>\n\t\t<\/div>\n\t\t\t\t\t<\/div>\n\t\t<\/section>\n\t\t\t\t<section class=\"elementor-section elementor-inner-section elementor-element elementor-element-7837f86 elementor-section-boxed elementor-section-height-default elementor-section-height-default\" data-id=\"7837f86\" data-element_type=\"section\" data-settings=\"{&quot;background_background&quot;:&quot;gradient&quot;}\">\n\t\t\t\t\t\t<div class=\"elementor-container elementor-column-gap-default\">\n\t\t\t\t\t<div class=\"elementor-column elementor-col-50 elementor-inner-column elementor-element elementor-element-bcfb2e3\" data-id=\"bcfb2e3\" data-element_type=\"column\">\n\t\t\t<div class=\"elementor-widget-wrap elementor-element-populated\">\n\t\t\t\t\t\t<div class=\"elementor-element elementor-element-aefa40d elementor-widget elementor-widget-image\" data-id=\"aefa40d\" data-element_type=\"widget\" data-widget_type=\"image.default\">\n\t\t\t\t<div class=\"elementor-widget-container\">\n\t\t\t\t\t\t\t\t\t\t\t\t\t<img decoding=\"async\" width=\"1024\" height=\"1024\" data-src=\"https:\/\/reliablecncmachining.com\/wp-content\/smush-webp\/2025\/04\/Laser-Etching-Reliable-CNC-machining.jpg.webp\" class=\"attachment-full size-full wp-image-687 lazyload\" alt=\"Zuverl\u00e4ssige schnelle Prototypenentwicklung - ST\" data-srcset=\"https:\/\/reliablecncmachining.com\/wp-content\/smush-webp\/2025\/04\/Laser-Etching-Reliable-CNC-machining.jpg.webp 1024w, https:\/\/reliablecncmachining.com\/wp-content\/smush-webp\/2025\/04\/Laser-Etching-Reliable-CNC-machining-300x300.jpg.webp 300w, https:\/\/reliablecncmachining.com\/wp-content\/uploads\/2025\/04\/Laser-Etching-Reliable-CNC-machining-150x150.jpg 150w, https:\/\/reliablecncmachining.com\/wp-content\/smush-webp\/2025\/04\/Laser-Etching-Reliable-CNC-machining-768x768.jpg.webp 768w\" data-sizes=\"(max-width: 1024px) 100vw, 1024px\" src=\"data:image\/gif;base64,R0lGODlhAQABAAAAACH5BAEKAAEALAAAAAABAAEAAAICTAEAOw==\" style=\"--smush-placeholder-width: 1024px; --smush-placeholder-aspect-ratio: 1024\/1024;\" \/>\t\t\t\t\t\t\t\t\t\t\t\t\t<\/div>\n\t\t\t\t<\/div>\n\t\t\t\t\t<\/div>\n\t\t<\/div>\n\t\t\t\t<div class=\"elementor-column elementor-col-50 elementor-inner-column elementor-element elementor-element-abd6845\" data-id=\"abd6845\" data-element_type=\"column\">\n\t\t\t<div class=\"elementor-widget-wrap elementor-element-populated\">\n\t\t\t\t\t\t<section class=\"elementor-section elementor-inner-section elementor-element elementor-element-245dad1 elementor-section-full_width home-product-card-content elementor-section-height-default elementor-section-height-default\" data-id=\"245dad1\" data-element_type=\"section\" data-settings=\"{&quot;background_background&quot;:&quot;classic&quot;}\">\n\t\t\t\t\t\t<div class=\"elementor-container elementor-column-gap-no\">\n\t\t\t\t\t<div class=\"elementor-column elementor-col-100 elementor-inner-column elementor-element elementor-element-162b2b3\" data-id=\"162b2b3\" data-element_type=\"column\">\n\t\t\t<div class=\"elementor-widget-wrap elementor-element-populated\">\n\t\t\t\t\t\t<div class=\"elementor-element elementor-element-349c640 elementor-widget elementor-widget-heading\" data-id=\"349c640\" data-element_type=\"widget\" data-widget_type=\"heading.default\">\n\t\t\t\t<div class=\"elementor-widget-container\">\n\t\t\t<h2 class=\"elementor-heading-title elementor-size-default\">Drucken &amp; \u00c4tzen<\/h2>\t\t<\/div>\n\t\t\t\t<\/div>\n\t\t\t\t<div class=\"elementor-element elementor-element-03d7b64 elementor-widget elementor-widget-text-editor\" data-id=\"03d7b64\" data-element_type=\"widget\" data-widget_type=\"text-editor.default\">\n\t\t\t\t<div class=\"elementor-widget-container\">\n\t\t\t\t\t\t\t<p>Sie k\u00f6nnen benutzerdefinierten Text und Logos auf die Teile drucken. Siebdruck kann f\u00fcr gr\u00f6\u00dfere Fl\u00e4chen und zum Mischen mehrerer Farben f\u00fcr noch komplexere Grafiken verwendet werden; Tampondruck kann f\u00fcr das Drucken auf gekr\u00fcmmten Fl\u00e4chen verwendet werden; Lasergravur ist ideal f\u00fcr pr\u00e4zise und permanente Markierungen auf Metall und einigen Kunststoffen.<\/p>\t\t\t\t\t\t<\/div>\n\t\t\t\t<\/div>\n\t\t\t\t\t<\/div>\n\t\t<\/div>\n\t\t\t\t\t<\/div>\n\t\t<\/section>\n\t\t\t\t\t<\/div>\n\t\t<\/div>\n\t\t\t\t\t<\/div>\n\t\t<\/section>\n\t\t\t\t\t<\/div>\n\t\t<\/div>\n\t\t\t\t\t<\/div>\n\t\t<\/section>\n\t\t\t\t<section class=\"elementor-section elementor-top-section elementor-element elementor-element-dbcd965 elementor-section-boxed elementor-section-height-default elementor-section-height-default\" data-id=\"dbcd965\" data-element_type=\"section\">\n\t\t\t\t\t\t<div class=\"elementor-container elementor-column-gap-default\">\n\t\t\t\t\t<div class=\"elementor-column elementor-col-100 elementor-top-column elementor-element elementor-element-6e32d9e\" data-id=\"6e32d9e\" data-element_type=\"column\">\n\t\t\t<div class=\"elementor-widget-wrap elementor-element-populated\">\n\t\t\t\t\t\t<div class=\"elementor-element elementor-element-c1ae68e elementor-align-center elementor-widget elementor-widget-button\" data-id=\"c1ae68e\" data-element_type=\"widget\" data-widget_type=\"button.default\">\n\t\t\t\t<div class=\"elementor-widget-container\">\n\t\t\t\t\t<div class=\"elementor-button-wrapper\">\n\t\t\t<a class=\"elementor-button elementor-button-link elementor-size-sm\" href=\"https:\/\/reliablecncmachining.com\/de\/contact-us\/\">\n\t\t\t\t\t\t<span class=\"elementor-button-content-wrapper\">\n\t\t\t\t\t\t<span class=\"elementor-button-text\">Jetzt Anfrage stellen!<\/span>\n\t\t<\/span>\n\t\t\t\t\t<\/a>\n\t\t<\/div>\n\t\t\t\t<\/div>\n\t\t\t\t<\/div>\n\t\t\t\t\t<\/div>\n\t\t<\/div>\n\t\t\t\t\t<\/div>\n\t\t<\/section>\n\t\t\t\t<\/div>","protected":false},"excerpt":{"rendered":"<p>Zuverl\u00e4ssige schnelle Prototypenerstellung Schnelle Prototypenerstellung &amp; Fertigung auf Abruf innerhalb von Tagen. Warum uns w\u00e4hlen? Zuverl\u00e4ssige Geschwindigkeit: Beschleunigen Sie Ihre F&amp;E mit konsistenten Bearbeitungszeiten von 3-5 Tagen. Pr\u00e4zision zuerst: Enge Toleranzen (\u00b10,005 mm) und Materialien in Luft- und Raumfahrtqualit\u00e4t (Aluminium, rostfreier Stahl, Kunststoffe). Rundum-Expertise: Von der Optimierung des 3D-Modells bis zur Nachbearbeitung k\u00fcmmern wir uns um jedes Detail, um die Anforderungen der Medizin-, Automobil- und Robotikindustrie [\u2026] zu erf\u00fcllen.<\/p>","protected":false},"author":1,"featured_media":0,"parent":0,"menu_order":0,"comment_status":"closed","ping_status":"closed","template":"elementor_header_footer","meta":[],"class_list":["post-578","page","type-page","status-publish","hentry"],"acf":[],"_links":{"self":[{"href":"https:\/\/reliablecncmachining.com\/de\/wp-json\/wp\/v2\/pages\/578","targetHints":{"allow":["GET"]}}],"collection":[{"href":"https:\/\/reliablecncmachining.com\/de\/wp-json\/wp\/v2\/pages"}],"about":[{"href":"https:\/\/reliablecncmachining.com\/de\/wp-json\/wp\/v2\/types\/page"}],"author":[{"embeddable":true,"href":"https:\/\/reliablecncmachining.com\/de\/wp-json\/wp\/v2\/users\/1"}],"replies":[{"embeddable":true,"href":"https:\/\/reliablecncmachining.com\/de\/wp-json\/wp\/v2\/comments?post=578"}],"version-history":[{"count":0,"href":"https:\/\/reliablecncmachining.com\/de\/wp-json\/wp\/v2\/pages\/578\/revisions"}],"wp:attachment":[{"href":"https:\/\/reliablecncmachining.com\/de\/wp-json\/wp\/v2\/media?parent=578"}],"curies":[{"name":"wp","href":"https:\/\/api.w.org\/{rel}","templated":true}]}}